{"id":2667,"date":"2023-04-19T13:55:36","date_gmt":"2023-04-19T13:55:36","guid":{"rendered":"https:\/\/staging.sagittarius-one.com\/?post_type=product&#038;p=2667"},"modified":"2023-05-10T12:00:03","modified_gmt":"2023-05-10T12:00:03","slug":"sagittarius-one-152s1-toilettenpapierhalter-ohne-bohren","status":"publish","type":"product","link":"https:\/\/staging.sagittarius-one.com\/de\/produkt\/sagittarius-one-152s1-toilettenpapierhalter-ohne-bohren\/","title":{"rendered":"Sagittarius One 152S1 Toilettenpapierhalter Ohne Bohren"},"content":{"rendered":"<p>Wir von Sagittarius One stehen f\u00fcr hochwertige Qualit\u00e4t.<\/p>\n<p>Unsere Vision besteht darin, die Sanit\u00e4rwelt mit unseren modernen Designs und unsere hochwertige Qualit\u00e4t zu ver\u00e4ndern. Der WC-Papierhalter 152S1 von Sagittarius One steht f\u00fcr diese Vision.<\/p>\n<p>Ein Top-of-the-Line-Produkt, das zudem auch noch etwas f\u00fcr&#8217;s Auge ist. Das liegt auch am perfekt polierten, ausgezeichneten Qualit\u00e4tsedelstahl. Etwas anderes kommt uns n\u00e4mlich nicht ins Haus! Unser Ziel ist es immer, die hochwertige Qualit\u00e4t anzustreben, f\u00fcr die wir stehen. Um unsere Vision zu verwirklichen, muss unser Produkt \u00fcber ein straffes und modernes Design verf\u00fcgen, mit dem wir die Sanit\u00e4rwelt weltweit auf den Kopf stellen k\u00f6nnen! Dieses Produkt darf in keinem Badezimmer fehlen!<\/p>\n<p>Das Produkt l\u00e4sst sich mit dem starken Selbstklebeband, das wir verwenden, problemlos aufh\u00e4ngen. Dies bedeutet zudem, dass Sie nicht in Ihre Wand bohren m\u00fcssen. Ein Prozess, der L\u00f6cher hinterl\u00e4sst, die nicht repariert werden k\u00f6nnen\u2026 mit diesem Toilettenpapierhalter brauchen Sie sich dar\u00fcber keine Gedanken mehr zu machen!<\/p>\n<p>Der WC-Papierhalter zeichnet sich durch ein subtiles Design aus und passt zu vielen verschiedenen Stilen im Haus. Das Produkt f\u00fchlt sich in Ihren H\u00e4nden schwer an &#8211; aber das liegt daran, dass wir in Sachen Qualit\u00e4t keine halben Sachen machen und ausschlie\u00dflich starke Materialien verwenden. Damit der Edelstahl eine sch\u00f6n gl\u00e4nzende und ewig haltende Oberfl\u00e4che erh\u00e4lt, wird er von Hand poliert. Sie m\u00fcssen sich auch keine Gedanken dar\u00fcber machen, ob Ihre Toilettenpapierrolle auf den Halter passt. Durch das ger\u00e4umige Design passt auch eine 4-lagige Toilettenpapierrolle problemlos auf den Halter!<\/p>\n<p>Werfen Sie zudem doch auch einen Blick auf die anderen Badezimmeraccessoires, die Sagittarius One zu bieten hat!<\/p>\n<p>Produktabmessungen (B x T x H) (152 x 90 x 30) mm &amp; (5.98\u201d x 3.54\u201d x 1.18\u201d) Zoll.<\/p>\n","protected":false},"excerpt":{"rendered":"<p>Wir von Sagittarius One stehen f\u00fcr hochwertige Qualit\u00e4t. Unsere Vision besteht darin, die Sanit\u00e4rwelt mit unseren modernen Designs und unsere hochwertige Qualit\u00e4t zu ver\u00e4ndern. Der WC-Papierhalter 152S1 von Sagittarius One steht f\u00fcr diese Vision. Ein Top-of-the-Line-Produkt, das zudem auch noch etwas f\u00fcr&#8217;s Auge ist. Das liegt auch am perfekt polierten, ausgezeichneten Qualit\u00e4tsedelstahl. Etwas anderes kommt [&hellip;]<\/p>\n","protected":false},"featured_media":3153,"comment_status":"closed","ping_status":"closed","template":"","meta":{"site-sidebar-layout":"default","site-content-layout":"default","ast-site-content-layout":"default","site-content-style":"default","site-sidebar-style":"default","ast-global-header-display":"","ast-banner-title-visibility":"","ast-main-header-display":"","ast-hfb-above-header-display":"","ast-hfb-below-header-display":"","ast-hfb-mobile-header-display":"","site-post-title":"","ast-breadcrumbs-content":"","ast-featured-img":"","footer-sml-layout":"","ast-disable-related-posts":"","theme-transparent-header-meta":"default","adv-header-id-meta":"","stick-header-meta":"default","header-above-stick-meta":"","header-main-stick-meta":"","header-below-stick-meta":"","astra-migrate-meta-layouts":"default","ast-page-background-enabled":"default","ast-page-background-meta":{"desktop":{"background-color":"var(--ast-global-color-4)","background-image":"","background-repeat":"repeat","background-position":"center center","background-size":"auto","background-attachment":"scroll","background-type":"","background-media":"","overlay-type":"","overlay-color":"","overlay-opacity":"","overlay-gradient":""},"tablet":{"background-color":"","background-image":"","background-repeat":"repeat","background-position":"center center","background-size":"auto","background-attachment":"scroll","background-type":"","background-media":"","overlay-type":"","overlay-color":"","overlay-opacity":"","overlay-gradient":""},"mobile":{"background-color":"","background-image":"","background-repeat":"repeat","background-position":"center center","background-size":"auto","background-attachment":"scroll","background-type":"","background-media":"","overlay-type":"","overlay-color":"","overlay-opacity":"","overlay-gradient":""}},"ast-content-background-meta":{"desktop":{"background-color":"var(--ast-global-color-5)","background-image":"","background-repeat":"repeat","background-position":"center center","background-size":"auto","background-attachment":"scroll","background-type":"","background-media":"","overlay-type":"","overlay-color":"","overlay-opacity":"","overlay-gradient":""},"tablet":{"background-color":"var(--ast-global-color-5)","background-image":"","background-repeat":"repeat","background-position":"center center","background-size":"auto","background-attachment":"scroll","background-type":"","background-media":"","overlay-type":"","overlay-color":"","overlay-opacity":"","overlay-gradient":""},"mobile":{"background-color":"var(--ast-global-color-5)","background-image":"","background-repeat":"repeat","background-position":"center center","background-size":"auto","background-attachment":"scroll","background-type":"","background-media":"","overlay-type":"","overlay-color":"","overlay-opacity":"","overlay-gradient":""}}},"product_cat":[102,109],"product_tag":[],"acf":[],"_links":{"self":[{"href":"https:\/\/staging.sagittarius-one.com\/de\/wp-json\/wp\/v2\/product\/2667"}],"collection":[{"href":"https:\/\/staging.sagittarius-one.com\/de\/wp-json\/wp\/v2\/product"}],"about":[{"href":"https:\/\/staging.sagittarius-one.com\/de\/wp-json\/wp\/v2\/types\/product"}],"replies":[{"embeddable":true,"href":"https:\/\/staging.sagittarius-one.com\/de\/wp-json\/wp\/v2\/comments?post=2667"}],"wp:featuredmedia":[{"embeddable":true,"href":"https:\/\/staging.sagittarius-one.com\/de\/wp-json\/wp\/v2\/media\/3153"}],"wp:attachment":[{"href":"https:\/\/staging.sagittarius-one.com\/de\/wp-json\/wp\/v2\/media?parent=2667"}],"wp:term":[{"taxonomy":"product_cat","embeddable":true,"href":"https:\/\/staging.sagittarius-one.com\/de\/wp-json\/wp\/v2\/product_cat?post=2667"},{"taxonomy":"product_tag","embeddable":true,"href":"https:\/\/staging.sagittarius-one.com\/de\/wp-json\/wp\/v2\/product_tag?post=2667"}],"curies":[{"name":"wp","href":"https:\/\/api.w.org\/{rel}","templated":true}]}}