{"id":2668,"date":"2023-04-19T13:55:36","date_gmt":"2023-04-19T13:55:36","guid":{"rendered":"https:\/\/staging.sagittarius-one.com\/?post_type=product&#038;p=2668"},"modified":"2023-05-10T11:59:57","modified_gmt":"2023-05-10T11:59:57","slug":"sagittarius-one-160s1-toilettenpapierhalter-mit-ablage","status":"publish","type":"product","link":"https:\/\/staging.sagittarius-one.com\/de\/produkt\/sagittarius-one-160s1-toilettenpapierhalter-mit-ablage\/","title":{"rendered":"Sagittarius One 160S1 Toilettenpapierhalter mit Ablage"},"content":{"rendered":"<p>Wir von Sagittarius One stehen f\u00fcr hochwertige Qualit\u00e4t.<\/p>\n<p>Unsere Vision besteht darin, die Sanit\u00e4rwelt mit unseren modernen Designs und unsere hochwertige Qualit\u00e4t zu ver\u00e4ndern. Der an der Wand montierte Sagittarius One 160S1 Toilettenpapierhalter spiegelt diese Vision wider.<\/p>\n<p>Ein Top-of-the-Line-Produkt, das zudem auch noch etwas f\u00fcr&#8217;s Auge ist. Das liegt auch am perfekt polierten, ausgezeichneten Qualit\u00e4tsedelstahl. Etwas anderes kommt uns n\u00e4mlich nicht ins Haus! Unser Ziel ist es immer, die hochwertige Qualit\u00e4t anzustreben, f\u00fcr die wir stehen. Um unsere Vision zu verwirklichen, muss unser Produkt \u00fcber ein straffes und modernes Design verf\u00fcgen, mit dem wir die Sanit\u00e4rwelt weltweit auf den Kopf stellen k\u00f6nnen! Dieses Produkt darf in keinem Badezimmer fehlen! Ein zeitgem\u00e4\u00dfes Design, hergestellt aus dickem Edelstahl bester Qualit\u00e4t (Gewicht 450 Gramm.)<\/p>\n<p>Die Menschen und ihre Smartphones sind heutzutage untrennbar miteinander verbunden. Sogar im Badezimmer benutzen wir unser Telefon. Jetzt k\u00f6nnen Sie Ihr Telefon sicher in eine luxuri\u00f6se Ablage legen, w\u00e4hrend Sie Ihre Routine erledigen, und das elegante Aussehen unseres stilvollen Designs genie\u00dfen.<\/p>\n<p>Schauen Sie sich unbedingt alle anderen Badezimmerzubeh\u00f6rteile an, die Sagittarius One zu bieten hat!<\/p>\n<p>Abmessungen des Produkts (B x T x H) (160 mm x 100mm x 85mm) &amp; (6.30&#8243; x 3.94&#8243; x 3.35&#8243;) Zoll.<\/p>\n","protected":false},"excerpt":{"rendered":"<p>Wir von Sagittarius One stehen f\u00fcr hochwertige Qualit\u00e4t. Unsere Vision besteht darin, die Sanit\u00e4rwelt mit unseren modernen Designs und unsere hochwertige Qualit\u00e4t zu ver\u00e4ndern. Der an der Wand montierte Sagittarius One 160S1 Toilettenpapierhalter spiegelt diese Vision wider. Ein Top-of-the-Line-Produkt, das zudem auch noch etwas f\u00fcr&#8217;s Auge ist. Das liegt auch am perfekt polierten, ausgezeichneten Qualit\u00e4tsedelstahl. [&hellip;]<\/p>\n","protected":false},"featured_media":2202,"comment_status":"closed","ping_status":"closed","template":"","meta":{"site-sidebar-layout":"default","site-content-layout":"default","ast-site-content-layout":"default","site-content-style":"default","site-sidebar-style":"default","ast-global-header-display":"","ast-banner-title-visibility":"","ast-main-header-display":"","ast-hfb-above-header-display":"","ast-hfb-below-header-display":"","ast-hfb-mobile-header-display":"","site-post-title":"","ast-breadcrumbs-content":"","ast-featured-img":"","footer-sml-layout":"","ast-disable-related-posts":"","theme-transparent-header-meta":"default","adv-header-id-meta":"","stick-header-meta":"default","header-above-stick-meta":"","header-main-stick-meta":"","header-below-stick-meta":"","astra-migrate-meta-layouts":"default","ast-page-background-enabled":"default","ast-page-background-meta":{"desktop":{"background-color":"var(--ast-global-color-4)","background-image":"","background-repeat":"repeat","background-position":"center center","background-size":"auto","background-attachment":"scroll","background-type":"","background-media":"","overlay-type":"","overlay-color":"","overlay-opacity":"","overlay-gradient":""},"tablet":{"background-color":"","background-image":"","background-repeat":"repeat","background-position":"center center","background-size":"auto","background-attachment":"scroll","background-type":"","background-media":"","overlay-type":"","overlay-color":"","overlay-opacity":"","overlay-gradient":""},"mobile":{"background-color":"","background-image":"","background-repeat":"repeat","background-position":"center center","background-size":"auto","background-attachment":"scroll","background-type":"","background-media":"","overlay-type":"","overlay-color":"","overlay-opacity":"","overlay-gradient":""}},"ast-content-background-meta":{"desktop":{"background-color":"var(--ast-global-color-5)","background-image":"","background-repeat":"repeat","background-position":"center center","background-size":"auto","background-attachment":"scroll","background-type":"","background-media":"","overlay-type":"","overlay-color":"","overlay-opacity":"","overlay-gradient":""},"tablet":{"background-color":"var(--ast-global-color-5)","background-image":"","background-repeat":"repeat","background-position":"center center","background-size":"auto","background-attachment":"scroll","background-type":"","background-media":"","overlay-type":"","overlay-color":"","overlay-opacity":"","overlay-gradient":""},"mobile":{"background-color":"var(--ast-global-color-5)","background-image":"","background-repeat":"repeat","background-position":"center center","background-size":"auto","background-attachment":"scroll","background-type":"","background-media":"","overlay-type":"","overlay-color":"","overlay-opacity":"","overlay-gradient":""}}},"product_cat":[102,109],"product_tag":[],"acf":[],"_links":{"self":[{"href":"https:\/\/staging.sagittarius-one.com\/de\/wp-json\/wp\/v2\/product\/2668"}],"collection":[{"href":"https:\/\/staging.sagittarius-one.com\/de\/wp-json\/wp\/v2\/product"}],"about":[{"href":"https:\/\/staging.sagittarius-one.com\/de\/wp-json\/wp\/v2\/types\/product"}],"replies":[{"embeddable":true,"href":"https:\/\/staging.sagittarius-one.com\/de\/wp-json\/wp\/v2\/comments?post=2668"}],"wp:featuredmedia":[{"embeddable":true,"href":"https:\/\/staging.sagittarius-one.com\/de\/wp-json\/wp\/v2\/media\/2202"}],"wp:attachment":[{"href":"https:\/\/staging.sagittarius-one.com\/de\/wp-json\/wp\/v2\/media?parent=2668"}],"wp:term":[{"taxonomy":"product_cat","embeddable":true,"href":"https:\/\/staging.sagittarius-one.com\/de\/wp-json\/wp\/v2\/product_cat?post=2668"},{"taxonomy":"product_tag","embeddable":true,"href":"https:\/\/staging.sagittarius-one.com\/de\/wp-json\/wp\/v2\/product_tag?post=2668"}],"curies":[{"name":"wp","href":"https:\/\/api.w.org\/{rel}","templated":true}]}}