{"id":2680,"date":"2023-04-19T13:55:37","date_gmt":"2023-04-19T13:55:37","guid":{"rendered":"https:\/\/staging.sagittarius-one.com\/?post_type=product&#038;p=2680"},"modified":"2023-05-10T11:59:47","modified_gmt":"2023-05-10T11:59:47","slug":"sagittarius-one-32s1-handtuchhaken-selbstklebend-2-stueck","status":"publish","type":"product","link":"https:\/\/staging.sagittarius-one.com\/de\/produkt\/sagittarius-one-32s1-handtuchhaken-selbstklebend-2-stueck\/","title":{"rendered":"Sagittarius One 32S1 Handtuchhaken Selbstklebend 2 St\u00fcck"},"content":{"rendered":"<p>Wir von Sagittarius One stehen f\u00fcr hochwertige Qualit\u00e4t.<\/p>\n<p>Unsere Vision besteht darin, die Sanit\u00e4rwelt mit unseren modernen Designs und unsere hochwertige Qualit\u00e4t zu ver\u00e4ndern.<br \/>\nDas Sagittarius One 32S1 Handtuchhaken-Set steht f\u00fcr diese Vision.<\/p>\n<p>Ein Top-of-the-Line-Produkt, das zudem auch noch etwas f\u00fcr&#8217;s Auge ist. Das liegt unter anderem am perfekt verchromten, ausgezeichneten Qualit\u00e4tsmessing. Etwas anderes kommt uns n\u00e4mlich nicht ins Haus! Unser Ziel ist es immer, die hochwertige Qualit\u00e4t anzustreben, f\u00fcr die wir stehen. Um unsere Vision zu verwirklichen, muss unser Produkt \u00fcber ein straffes und modernes Design verf\u00fcgen, mit dem wir die Sanit\u00e4rwelt weltweit auf den Kopf stellen k\u00f6nnen! Dieses Produkt darf in keinem Badezimmer fehlen!<\/p>\n<p>Das Sagittarius One 32S1 Handtuchhaken-Set ist so konzipiert, dass es stark und robust ist. Dies ist auch auf die Konstruktion des Produkts zur\u00fcckzuf\u00fchren, die aus massivem Messing besteht. Damit das sch\u00f6ne Hochglanz-Finish ewig h\u00e4lt, haben wir das 32S1-B Handtuchhaken-Set mit einer Chromschicht \u00fcberzogen.<\/p>\n<p>Das Produkt l\u00e4sst sich mit dem starken Selbstklebeband, das wir verwenden, problemlos aufh\u00e4ngen. Dies bedeutet zudem, dass Sie nicht in Ihre Wand bohren m\u00fcssen. Ein Prozess, der L\u00f6cher hinterl\u00e4sst, die nicht r\u00fcckg\u00e4ngig gemacht werden k\u00f6nnen. Bei diesem Set haben Sie damit keine Probleme! Aufgrund des kompakten Designs ben\u00f6tigen die Haken sehr wenig Platz und sind somit an verschiedenen Stellen im Haus sehr praktisch. Vom Bad bis zur K\u00fcche.<\/p>\n<p>Werfen Sie zudem doch auch einen Blick auf die anderen Badezimmeraccessoires, die Sagittarius One zu bieten hat!<\/p>\n<p>Produktabmessungen (L x B x H) (32 x 32 x 23) mm &amp; (1,26&#8243; x 1,26&#8243; x 0,91&#8243;) Zoll.<\/p>\n","protected":false},"excerpt":{"rendered":"<p>Wir von Sagittarius One stehen f\u00fcr hochwertige Qualit\u00e4t. Unsere Vision besteht darin, die Sanit\u00e4rwelt mit unseren modernen Designs und unsere hochwertige Qualit\u00e4t zu ver\u00e4ndern. Das Sagittarius One 32S1 Handtuchhaken-Set steht f\u00fcr diese Vision. Ein Top-of-the-Line-Produkt, das zudem auch noch etwas f\u00fcr&#8217;s Auge ist. Das liegt unter anderem am perfekt verchromten, ausgezeichneten Qualit\u00e4tsmessing. Etwas anderes kommt [&hellip;]<\/p>\n","protected":false},"featured_media":3150,"comment_status":"closed","ping_status":"closed","template":"","meta":{"site-sidebar-layout":"default","site-content-layout":"default","ast-site-content-layout":"default","site-content-style":"default","site-sidebar-style":"default","ast-global-header-display":"","ast-banner-title-visibility":"","ast-main-header-display":"","ast-hfb-above-header-display":"","ast-hfb-below-header-display":"","ast-hfb-mobile-header-display":"","site-post-title":"","ast-breadcrumbs-content":"","ast-featured-img":"","footer-sml-layout":"","ast-disable-related-posts":"","theme-transparent-header-meta":"default","adv-header-id-meta":"","stick-header-meta":"default","header-above-stick-meta":"","header-main-stick-meta":"","header-below-stick-meta":"","astra-migrate-meta-layouts":"default","ast-page-background-enabled":"default","ast-page-background-meta":{"desktop":{"background-color":"var(--ast-global-color-4)","background-image":"","background-repeat":"repeat","background-position":"center center","background-size":"auto","background-attachment":"scroll","background-type":"","background-media":"","overlay-type":"","overlay-color":"","overlay-opacity":"","overlay-gradient":""},"tablet":{"background-color":"","background-image":"","background-repeat":"repeat","background-position":"center center","background-size":"auto","background-attachment":"scroll","background-type":"","background-media":"","overlay-type":"","overlay-color":"","overlay-opacity":"","overlay-gradient":""},"mobile":{"background-color":"","background-image":"","background-repeat":"repeat","background-position":"center center","background-size":"auto","background-attachment":"scroll","background-type":"","background-media":"","overlay-type":"","overlay-color":"","overlay-opacity":"","overlay-gradient":""}},"ast-content-background-meta":{"desktop":{"background-color":"var(--ast-global-color-5)","background-image":"","background-repeat":"repeat","background-position":"center center","background-size":"auto","background-attachment":"scroll","background-type":"","background-media":"","overlay-type":"","overlay-color":"","overlay-opacity":"","overlay-gradient":""},"tablet":{"background-color":"var(--ast-global-color-5)","background-image":"","background-repeat":"repeat","background-position":"center center","background-size":"auto","background-attachment":"scroll","background-type":"","background-media":"","overlay-type":"","overlay-color":"","overlay-opacity":"","overlay-gradient":""},"mobile":{"background-color":"var(--ast-global-color-5)","background-image":"","background-repeat":"repeat","background-position":"center center","background-size":"auto","background-attachment":"scroll","background-type":"","background-media":"","overlay-type":"","overlay-color":"","overlay-opacity":"","overlay-gradient":""}}},"product_cat":[102,105],"product_tag":[],"acf":[],"_links":{"self":[{"href":"https:\/\/staging.sagittarius-one.com\/de\/wp-json\/wp\/v2\/product\/2680"}],"collection":[{"href":"https:\/\/staging.sagittarius-one.com\/de\/wp-json\/wp\/v2\/product"}],"about":[{"href":"https:\/\/staging.sagittarius-one.com\/de\/wp-json\/wp\/v2\/types\/product"}],"replies":[{"embeddable":true,"href":"https:\/\/staging.sagittarius-one.com\/de\/wp-json\/wp\/v2\/comments?post=2680"}],"wp:featuredmedia":[{"embeddable":true,"href":"https:\/\/staging.sagittarius-one.com\/de\/wp-json\/wp\/v2\/media\/3150"}],"wp:attachment":[{"href":"https:\/\/staging.sagittarius-one.com\/de\/wp-json\/wp\/v2\/media?parent=2680"}],"wp:term":[{"taxonomy":"product_cat","embeddable":true,"href":"https:\/\/staging.sagittarius-one.com\/de\/wp-json\/wp\/v2\/product_cat?post=2680"},{"taxonomy":"product_tag","embeddable":true,"href":"https:\/\/staging.sagittarius-one.com\/de\/wp-json\/wp\/v2\/product_tag?post=2680"}],"curies":[{"name":"wp","href":"https:\/\/api.w.org\/{rel}","templated":true}]}}