{"id":2690,"date":"2023-04-19T13:55:23","date_gmt":"2023-04-19T13:55:23","guid":{"rendered":"https:\/\/staging.sagittarius-one.com\/?post_type=product&#038;p=2690"},"modified":"2023-05-10T12:02:03","modified_gmt":"2023-05-10T12:02:03","slug":"sagittarius-one-70s1-zahnputzbecher","status":"publish","type":"product","link":"https:\/\/staging.sagittarius-one.com\/de\/produkt\/sagittarius-one-70s1-zahnputzbecher\/","title":{"rendered":"Sagittarius One 70S1 Zahnputzbecher"},"content":{"rendered":"<p>Wir von Sagittarius One stehen f\u00fcr hochwertige Qualit\u00e4t.<\/p>\n<p>Unsere Vision besteht darin, die Sanit\u00e4rwelt mit unseren modernen Designs und unsere hochwertige Qualit\u00e4t zu ver\u00e4ndern. Der Sagittarius One 70S1 Zahnb\u00fcrstenhalter verk\u00f6rpert diese Vision.<\/p>\n<p>Ein Top-of-the-Line-Produkt, das zudem auch noch etwas f\u00fcr&#8217;s Auge ist. Das ist unter anderem der hervorragenden Qualit\u00e4t des perfekt verchromten Zinks zuzuschreiben. Etwas anderes kommt uns n\u00e4mlich nicht ins Haus! Unser Ziel ist es immer, die hochwertige Qualit\u00e4t anzustreben, f\u00fcr die wir stehen. Um unsere Vision zu verwirklichen, muss unser Produkt \u00fcber ein straffes und modernes Design verf\u00fcgen, mit dem wir die Sanit\u00e4rwelt weltweit auf den Kopf stellen k\u00f6nnen! Dieses Produkt darf in keinem Badezimmer fehlen!<\/p>\n<p>Der Sagittarius One 70S1 Zahnb\u00fcrstenhalter ist ein traditionelles Konzept, jedoch mit einem straffen und modernen Design. Dieser Zahnb\u00fcrstenhalter kann problemlos alle Ihre Zahnb\u00fcrsten und elektrischen Zahnb\u00fcrstenk\u00f6pfe aufnehmen. Durch das leicht abnehmbare Glas l\u00e4sst sich der Halter einfach sauber halten.<\/p>\n<p>Der Zahnb\u00fcrstenhalter hat ein dezentes Design und l\u00e4sst sich gut mit anderen Badaccessoires von Sagittarius One kombinieren. Das Produkt ist aus massivem Zink gefertigt und mit einer speziellen Chrombeschichtung versehen, um eine sch\u00f6ne, gl\u00e4nzende Oberfl\u00e4che zu erzielen, die ewig h\u00e4lt.<\/p>\n<p>Der Zahnb\u00fcrstenhalter 70S1 ist mit zwei Schrauben einfach zu montieren. Die Schrauben und D\u00fcbel sind im Lieferumfang enthalten.<\/p>\n<p>Werfen Sie zudem doch auch einen Blick auf die anderen Badezimmeraccessoires, die Sagittarius One zu bieten hat!<\/p>\n<p>Produktabmessungen (B x T x H) (75 x 95 x 105) mm &#038; (2.95\u201d x 3.74\u201d x 4.13\u201d) Zoll.<\/p>\n","protected":false},"excerpt":{"rendered":"<p>Wir von Sagittarius One stehen f\u00fcr hochwertige Qualit\u00e4t. Unsere Vision besteht darin, die Sanit\u00e4rwelt mit unseren modernen Designs und unsere hochwertige Qualit\u00e4t zu ver\u00e4ndern. Der Sagittarius One 70S1 Zahnb\u00fcrstenhalter verk\u00f6rpert diese Vision. Ein Top-of-the-Line-Produkt, das zudem auch noch etwas f\u00fcr&#8217;s Auge ist. Das ist unter anderem der hervorragenden Qualit\u00e4t des perfekt verchromten Zinks zuzuschreiben. Etwas [&hellip;]<\/p>\n","protected":false},"featured_media":2035,"comment_status":"closed","ping_status":"closed","template":"","meta":{"site-sidebar-layout":"default","site-content-layout":"default","ast-site-content-layout":"default","site-content-style":"default","site-sidebar-style":"default","ast-global-header-display":"","ast-banner-title-visibility":"","ast-main-header-display":"","ast-hfb-above-header-display":"","ast-hfb-below-header-display":"","ast-hfb-mobile-header-display":"","site-post-title":"","ast-breadcrumbs-content":"","ast-featured-img":"","footer-sml-layout":"","ast-disable-related-posts":"","theme-transparent-header-meta":"default","adv-header-id-meta":"","stick-header-meta":"default","header-above-stick-meta":"","header-main-stick-meta":"","header-below-stick-meta":"","astra-migrate-meta-layouts":"default","ast-page-background-enabled":"default","ast-page-background-meta":{"desktop":{"background-color":"var(--ast-global-color-4)","background-image":"","background-repeat":"repeat","background-position":"center center","background-size":"auto","background-attachment":"scroll","background-type":"","background-media":"","overlay-type":"","overlay-color":"","overlay-opacity":"","overlay-gradient":""},"tablet":{"background-color":"","background-image":"","background-repeat":"repeat","background-position":"center center","background-size":"auto","background-attachment":"scroll","background-type":"","background-media":"","overlay-type":"","overlay-color":"","overlay-opacity":"","overlay-gradient":""},"mobile":{"background-color":"","background-image":"","background-repeat":"repeat","background-position":"center center","background-size":"auto","background-attachment":"scroll","background-type":"","background-media":"","overlay-type":"","overlay-color":"","overlay-opacity":"","overlay-gradient":""}},"ast-content-background-meta":{"desktop":{"background-color":"var(--ast-global-color-5)","background-image":"","background-repeat":"repeat","background-position":"center center","background-size":"auto","background-attachment":"scroll","background-type":"","background-media":"","overlay-type":"","overlay-color":"","overlay-opacity":"","overlay-gradient":""},"tablet":{"background-color":"var(--ast-global-color-5)","background-image":"","background-repeat":"repeat","background-position":"center center","background-size":"auto","background-attachment":"scroll","background-type":"","background-media":"","overlay-type":"","overlay-color":"","overlay-opacity":"","overlay-gradient":""},"mobile":{"background-color":"var(--ast-global-color-5)","background-image":"","background-repeat":"repeat","background-position":"center center","background-size":"auto","background-attachment":"scroll","background-type":"","background-media":"","overlay-type":"","overlay-color":"","overlay-opacity":"","overlay-gradient":""}}},"product_cat":[102,107],"product_tag":[],"acf":[],"_links":{"self":[{"href":"https:\/\/staging.sagittarius-one.com\/de\/wp-json\/wp\/v2\/product\/2690"}],"collection":[{"href":"https:\/\/staging.sagittarius-one.com\/de\/wp-json\/wp\/v2\/product"}],"about":[{"href":"https:\/\/staging.sagittarius-one.com\/de\/wp-json\/wp\/v2\/types\/product"}],"replies":[{"embeddable":true,"href":"https:\/\/staging.sagittarius-one.com\/de\/wp-json\/wp\/v2\/comments?post=2690"}],"wp:featuredmedia":[{"embeddable":true,"href":"https:\/\/staging.sagittarius-one.com\/de\/wp-json\/wp\/v2\/media\/2035"}],"wp:attachment":[{"href":"https:\/\/staging.sagittarius-one.com\/de\/wp-json\/wp\/v2\/media?parent=2690"}],"wp:term":[{"taxonomy":"product_cat","embeddable":true,"href":"https:\/\/staging.sagittarius-one.com\/de\/wp-json\/wp\/v2\/product_cat?post=2690"},{"taxonomy":"product_tag","embeddable":true,"href":"https:\/\/staging.sagittarius-one.com\/de\/wp-json\/wp\/v2\/product_tag?post=2690"}],"curies":[{"name":"wp","href":"https:\/\/api.w.org\/{rel}","templated":true}]}}